{"id":35,"date":"2016-02-01T21:30:30","date_gmt":"2016-02-01T20:30:30","guid":{"rendered":"http:\/\/zuschlag-und-brunk.de\/?page_id=35"},"modified":"2016-02-01T21:30:30","modified_gmt":"2016-02-01T20:30:30","slug":"so-finden-sie-uns","status":"publish","type":"page","link":"https:\/\/zbk-gimbsheim.de\/index.php\/so-finden-sie-uns\/","title":{"rendered":"so finden Sie uns"},"content":{"rendered":"<p>In Gimbsheim &#8211; Richtung Schwimmbad &#8211; am Schwimmbad links &#8211; an der n\u00e4chsten Einm\u00fcndung wieder links, dann geradeaus an der evangelischen Kirche vorbei &#8211; rechts abbiegen &#8211; Praxis<\/p>\n<p>Parkm\u00f6glichkeiten f\u00fcr Autos und Fahrr\u00e4der sind in unmittelbarer N\u00e4he vorhanden.<\/p>\n<p>&nbsp;<\/p>\n<p>Kirchstra\u00dfe 26, 67578 Gimbsheim<\/p>\n<p>&nbsp;<\/p>\n","protected":false},"excerpt":{"rendered":"<p>In Gimbsheim &#8211; Richtung Schwimmbad &#8211; am Schwimmbad links &#8211; an der n\u00e4chsten Einm\u00fcndung wieder links, dann geradeaus an der evangelischen Kirche vorbei &#8211; rechts abbiegen &#8211; Praxis Parkm\u00f6glichkeiten f\u00fcr Autos und Fahrr\u00e4der sind in unmittelbarer N\u00e4he vorhanden. &nbsp; Kirchstra\u00dfe 26, 67578 Gimbsheim &nbsp;<\/p>\n","protected":false},"author":1,"featured_media":0,"parent":0,"menu_order":30,"comment_status":"closed","ping_status":"closed","template":"","meta":[],"_links":{"self":[{"href":"https:\/\/zbk-gimbsheim.de\/index.php\/wp-json\/wp\/v2\/pages\/35"}],"collection":[{"href":"https:\/\/zbk-gimbsheim.de\/index.php\/wp-json\/wp\/v2\/pages"}],"about":[{"href":"https:\/\/zbk-gimbsheim.de\/index.php\/wp-json\/wp\/v2\/types\/page"}],"author":[{"embeddable":true,"href":"https:\/\/zbk-gimbsheim.de\/index.php\/wp-json\/wp\/v2\/users\/1"}],"replies":[{"embeddable":true,"href":"https:\/\/zbk-gimbsheim.de\/index.php\/wp-json\/wp\/v2\/comments?post=35"}],"version-history":[{"count":1,"href":"https:\/\/zbk-gimbsheim.de\/index.php\/wp-json\/wp\/v2\/pages\/35\/revisions"}],"predecessor-version":[{"id":36,"href":"https:\/\/zbk-gimbsheim.de\/index.php\/wp-json\/wp\/v2\/pages\/35\/revisions\/36"}],"wp:attachment":[{"href":"https:\/\/zbk-gimbsheim.de\/index.php\/wp-json\/wp\/v2\/media?parent=35"}],"curies":[{"name":"wp","href":"https:\/\/api.w.org\/{rel}","templated":true}]}}