{"id":31,"date":"2016-02-01T21:27:48","date_gmt":"2016-02-01T20:27:48","guid":{"rendered":"http:\/\/zuschlag-und-brunk.de\/?page_id=31"},"modified":"2026-04-15T09:31:54","modified_gmt":"2026-04-15T07:31:54","slug":"start","status":"publish","type":"page","link":"https:\/\/zbk-gimbsheim.de\/","title":{"rendered":"Willkommen"},"content":{"rendered":"\n<h2 class=\"wp-block-heading\">\ud83d\udce2 Wichtige Patienteninformation: <\/h2>\n\n\n\n<h2 class=\"wp-block-heading\">Ge\u00e4nderte \u00d6ffnungszeiten im Mai<\/h2>\n\n\n\n<p>Liebe Patientinnen, liebe Patienten,<\/p>\n\n\n\n<p>bitte beachten Sie unsere ge\u00e4nderten \u00d6ffnungszeiten und die Vertretungsregelungen f\u00fcr die kommenden Tage:<\/p>\n\n\n\n<h3 class=\"wp-block-heading\"><strong>Mittwoch, 13.05.2026<\/strong><\/h3>\n\n\n\n<p>Unsere Praxis ist an diesem Tag <strong>ab 10:00 Uhr geschlossen<\/strong>.<\/p>\n\n\n\n<p>In dringenden F\u00e4llen wenden Sie sich bitte an unsere Vertretungskollegen:<\/p>\n\n\n\n<ul>\n<li><strong>Dr. F\u00fcll<\/strong> | Schulstra\u00dfe 1, 67575 Eich | \ud83d\udcde <a href=\"https:\/\/www.google.com\/search?q=tel:06246212\" target=\"_blank\" rel=\"noreferrer noopener\">06246 \/ 212<\/a><\/li>\n\n\n\n<li><strong>Dr. Rink<\/strong> | Bahnhofstra\u00dfe 37, 67582 Mettenheim | \ud83d\udcde <a href=\"https:\/\/www.google.com\/search?q=tel:06242913040\" target=\"_blank\" rel=\"noreferrer noopener\">06242 \/ 913040<\/a><\/li>\n\n\n\n<li><strong>Dr. Schreiber<\/strong> | Berliner Stra\u00dfe 7, 67583 Guntersblum | \ud83d\udcde <a href=\"https:\/\/www.google.com\/search?q=tel:062492304\" target=\"_blank\" rel=\"noreferrer noopener\">06249 \/ 2304<\/a><\/li>\n<\/ul>\n\n\n\n<hr class=\"wp-block-separator has-alpha-channel-opacity\"\/>\n\n\n\n<h3 class=\"wp-block-heading\"><strong>Freitag, 15.05.2026 (Br\u00fcckentag)<\/strong><\/h3>\n\n\n\n<p>Am Freitag nach Christi Himmelfahrt bleibt unsere Praxis <strong>ganzt\u00e4gig geschlossen<\/strong>.<\/p>\n\n\n\n<p>Die medizinische Versorgung \u00fcbernimmt in dieser Zeit die:<\/p>\n\n\n\n<p><strong>\u00c4rztliche Bereitschaftspraxis im Klinikum Worms<\/strong><\/p>\n\n\n\n<p>\ud83d\udcde Telefon: <strong>116 117<\/strong> (bundesweite Nummer f\u00fcr den \u00e4rztlichen Notdienst)<\/p>\n\n\n\n<hr class=\"wp-block-separator has-alpha-channel-opacity\"\/>\n\n\n\n<h3 class=\"wp-block-heading\"><strong>Ab Montag, 18.05.2026<\/strong><\/h3>\n\n\n\n<p>Ab Montag sind wir wie gewohnt wieder f\u00fcr Sie da und zu den regul\u00e4ren Sprechzeiten erreichbar.<\/p>\n\n\n\n<p>Vielen Dank f\u00fcr Ihr Verst\u00e4ndnis!<\/p>\n\n\n\n<p> <\/p>\n\n\n\n<figure class=\"wp-block-image size-large is-resized\"><img decoding=\"async\" loading=\"lazy\" src=\"https:\/\/zbk-gimbsheim.de\/wp-content\/uploads\/2025\/09\/Praxisteam_Kopie-1024x666.jpg\" alt=\"\" class=\"wp-image-440\" width=\"528\" height=\"343\" srcset=\"https:\/\/zbk-gimbsheim.de\/wp-content\/uploads\/2025\/09\/Praxisteam_Kopie-1024x666.jpg 1024w, https:\/\/zbk-gimbsheim.de\/wp-content\/uploads\/2025\/09\/Praxisteam_Kopie-300x195.jpg 300w, https:\/\/zbk-gimbsheim.de\/wp-content\/uploads\/2025\/09\/Praxisteam_Kopie-768x499.jpg 768w, https:\/\/zbk-gimbsheim.de\/wp-content\/uploads\/2025\/09\/Praxisteam_Kopie-1536x999.jpg 1536w, https:\/\/zbk-gimbsheim.de\/wp-content\/uploads\/2025\/09\/Praxisteam_Kopie-2048x1331.jpg 2048w\" sizes=\"(max-width: 528px) 100vw, 528px\" \/><\/figure>\n\n\n\n<p>Bitte betreten Sie mit <strong>Erk\u00e4ltungs-Symptomen<\/strong> (Halsschmerzen\/Husten\/Schnupfen) <strong>nicht<\/strong> die <strong>Praxis<\/strong>.<\/p>\n\n\n\n<p>Vereinbaren Sie <strong>telefonisch<\/strong> einen <strong>Termin<\/strong> mit uns.<\/p>\n\n\n\n<p>F\u00fcr weitere Fragen k\u00f6nnen Sie sich gerne pers\u00f6nlich an uns wenden.<\/p>\n\n\n\n<p>Wir bitten Sie <strong>vor jedem<\/strong> Arztbesuch telefonisch einen Termin mit uns zu vereinbaren. Sie erreichen uns unter <strong>06249-4405<\/strong><\/p>\n","protected":false},"excerpt":{"rendered":"<p>\ud83d\udce2 Wichtige Patienteninformation: Ge\u00e4nderte \u00d6ffnungszeiten im Mai Liebe Patientinnen, liebe Patienten, bitte beachten Sie unsere ge\u00e4nderten \u00d6ffnungszeiten und die Vertretungsregelungen f\u00fcr die kommenden Tage: Mittwoch, 13.05.2026 Unsere Praxis ist an diesem Tag ab 10:00 Uhr geschlossen. In dringenden F\u00e4llen wenden Sie sich bitte an unsere Vertretungskollegen: Freitag, 15.05.2026 (Br\u00fcckentag) Am Freitag nach Christi Himmelfahrt bleibt&hellip; <a href=\"https:\/\/zbk-gimbsheim.de\/\">Weiterlesen <span class=\"meta-nav\">&rarr;<\/span><\/a><\/p>\n","protected":false},"author":1,"featured_media":0,"parent":0,"menu_order":10,"comment_status":"closed","ping_status":"closed","template":"","meta":[],"_links":{"self":[{"href":"https:\/\/zbk-gimbsheim.de\/index.php\/wp-json\/wp\/v2\/pages\/31"}],"collection":[{"href":"https:\/\/zbk-gimbsheim.de\/index.php\/wp-json\/wp\/v2\/pages"}],"about":[{"href":"https:\/\/zbk-gimbsheim.de\/index.php\/wp-json\/wp\/v2\/types\/page"}],"author":[{"embeddable":true,"href":"https:\/\/zbk-gimbsheim.de\/index.php\/wp-json\/wp\/v2\/users\/1"}],"replies":[{"embeddable":true,"href":"https:\/\/zbk-gimbsheim.de\/index.php\/wp-json\/wp\/v2\/comments?post=31"}],"version-history":[{"count":217,"href":"https:\/\/zbk-gimbsheim.de\/index.php\/wp-json\/wp\/v2\/pages\/31\/revisions"}],"predecessor-version":[{"id":550,"href":"https:\/\/zbk-gimbsheim.de\/index.php\/wp-json\/wp\/v2\/pages\/31\/revisions\/550"}],"wp:attachment":[{"href":"https:\/\/zbk-gimbsheim.de\/index.php\/wp-json\/wp\/v2\/media?parent=31"}],"curies":[{"name":"wp","href":"https:\/\/api.w.org\/{rel}","templated":true}]}}