{"id":111,"date":"2019-06-04T20:16:55","date_gmt":"2019-06-04T18:16:55","guid":{"rendered":"https:\/\/zbk-gimbsheim.de\/?page_id=111"},"modified":"2025-09-09T11:09:00","modified_gmt":"2025-09-09T09:09:00","slug":"das-praxis-team","status":"publish","type":"page","link":"https:\/\/zbk-gimbsheim.de\/index.php\/das-praxis-team\/","title":{"rendered":"das Praxis-Team"},"content":{"rendered":"\n<p>Sehr geehrte Patientinnen und Patienten,<br>herzlich willkommen in unserer Praxis.<\/p>\n\n\n\n<p>Wir m\u00f6chten Ihnen mit diesen Informationen einen Wegweiser anbieten, sich in unserer Praxis leichter zurecht zu finden, Wartezeiten zu reduzieren und ein freundliches Miteinander zu pflegen<\/p>\n\n\n\n<p>Es liegt uns am Herzen, dass Sie sich in unserer Praxis wohlf\u00fchlen.<br>Wir sind bem\u00fcht Ihre W\u00fcnsche weitestgehend zu erf\u00fcllen.<\/p>\n\n\n\n<p>Ihr Praxis-Team<br>Dres. med. Zuschlag \/ Brunk&nbsp; \/ Kohlmann und Mitarbeiterinnen<\/p>\n\n\n\n<figure class=\"wp-block-image size-large\"><img decoding=\"async\" loading=\"lazy\" width=\"1024\" height=\"666\" src=\"https:\/\/zbk-gimbsheim.de\/wp-content\/uploads\/2025\/09\/Praxisteam_Kopie-1-1024x666.jpg\" alt=\"\" class=\"wp-image-444\" srcset=\"https:\/\/zbk-gimbsheim.de\/wp-content\/uploads\/2025\/09\/Praxisteam_Kopie-1-1024x666.jpg 1024w, https:\/\/zbk-gimbsheim.de\/wp-content\/uploads\/2025\/09\/Praxisteam_Kopie-1-300x195.jpg 300w, https:\/\/zbk-gimbsheim.de\/wp-content\/uploads\/2025\/09\/Praxisteam_Kopie-1-768x499.jpg 768w, https:\/\/zbk-gimbsheim.de\/wp-content\/uploads\/2025\/09\/Praxisteam_Kopie-1-1536x999.jpg 1536w, https:\/\/zbk-gimbsheim.de\/wp-content\/uploads\/2025\/09\/Praxisteam_Kopie-1-2048x1331.jpg 2048w\" sizes=\"(max-width: 1024px) 100vw, 1024px\" \/><\/figure>\n","protected":false},"excerpt":{"rendered":"<p>Sehr geehrte Patientinnen und Patienten,herzlich willkommen in unserer Praxis. Wir m\u00f6chten Ihnen mit diesen Informationen einen Wegweiser anbieten, sich in unserer Praxis leichter zurecht zu finden, Wartezeiten zu reduzieren und ein freundliches Miteinander zu pflegen Es liegt uns am Herzen, dass Sie sich in unserer Praxis wohlf\u00fchlen.Wir sind bem\u00fcht Ihre W\u00fcnsche weitestgehend zu erf\u00fcllen. Ihr&hellip; <a href=\"https:\/\/zbk-gimbsheim.de\/index.php\/das-praxis-team\/\">Weiterlesen <span class=\"meta-nav\">&rarr;<\/span><\/a><\/p>\n","protected":false},"author":1,"featured_media":0,"parent":0,"menu_order":60,"comment_status":"closed","ping_status":"closed","template":"","meta":[],"_links":{"self":[{"href":"https:\/\/zbk-gimbsheim.de\/index.php\/wp-json\/wp\/v2\/pages\/111"}],"collection":[{"href":"https:\/\/zbk-gimbsheim.de\/index.php\/wp-json\/wp\/v2\/pages"}],"about":[{"href":"https:\/\/zbk-gimbsheim.de\/index.php\/wp-json\/wp\/v2\/types\/page"}],"author":[{"embeddable":true,"href":"https:\/\/zbk-gimbsheim.de\/index.php\/wp-json\/wp\/v2\/users\/1"}],"replies":[{"embeddable":true,"href":"https:\/\/zbk-gimbsheim.de\/index.php\/wp-json\/wp\/v2\/comments?post=111"}],"version-history":[{"count":4,"href":"https:\/\/zbk-gimbsheim.de\/index.php\/wp-json\/wp\/v2\/pages\/111\/revisions"}],"predecessor-version":[{"id":446,"href":"https:\/\/zbk-gimbsheim.de\/index.php\/wp-json\/wp\/v2\/pages\/111\/revisions\/446"}],"wp:attachment":[{"href":"https:\/\/zbk-gimbsheim.de\/index.php\/wp-json\/wp\/v2\/media?parent=111"}],"curies":[{"name":"wp","href":"https:\/\/api.w.org\/{rel}","templated":true}]}}